{"id":2078,"date":"2026-04-01T18:20:58","date_gmt":"2026-04-01T18:20:58","guid":{"rendered":"https:\/\/paucardonacello.com\/songs-to-spare"},"modified":"2026-04-01T18:20:58","modified_gmt":"2026-04-01T18:20:58","slug":"songs-to-spare","status":"publish","type":"page","link":"https:\/\/paucardonacello.com\/en\/songs-to-spare","title":{"rendered":"Songs to Spare"},"content":{"rendered":"[vc_row type=&#8221;in_container&#8221; full_screen_row_position=&#8221;middle&#8221; column_margin=&#8221;50px&#8221; equal_height=&#8221;yes&#8221; content_placement=&#8221;top&#8221; column_direction=&#8221;default&#8221; column_direction_tablet=&#8221;column_reverse&#8221; column_direction_phone=&#8221;column_reverse&#8221; bg_color=&#8221;#FFFFFF&#8221; scene_position=&#8221;center&#8221; top_padding=&#8221;1%&#8221; bottom_padding=&#8221;3%&#8221; constrain_group_2=&#8221;yes&#8221; left_padding_tablet=&#8221;7%&#8221; constrain_group_4=&#8221;yes&#8221; right_padding_tablet=&#8221;7%&#8221; left_padding_phone=&#8221;5%&#8221; constrain_group_6=&#8221;yes&#8221; right_padding_phone=&#8221;5%&#8221; text_color=&#8221;dark&#8221; text_align=&#8221;left&#8221; row_border_radius=&#8221;none&#8221; row_border_radius_applies=&#8221;bg&#8221; row_position_desktop=&#8221;default&#8221; row_position_tablet=&#8221;inherit&#8221; row_position_phone=&#8221;inherit&#8221; overflow=&#8221;visible&#8221; overlay_strength=&#8221;0.3&#8243; gradient_direction=&#8221;left_to_right&#8221; shape_divider_position=&#8221;bottom&#8221; bg_image_animation=&#8221;none&#8221; gradient_type=&#8221;default&#8221; shape_type=&#8221;&#8221;][vc_column column_padding=&#8221;no-extra-padding&#8221; column_padding_tablet=&#8221;inherit&#8221; column_padding_phone=&#8221;inherit&#8221; column_padding_position=&#8221;all&#8221; column_element_direction_desktop=&#8221;default&#8221; column_element_spacing=&#8221;50px&#8221; desktop_text_alignment=&#8221;default&#8221; tablet_text_alignment=&#8221;default&#8221; phone_text_alignment=&#8221;default&#8221; background_color_opacity=&#8221;1&#8243; background_hover_color_opacity=&#8221;1&#8243; column_backdrop_filter=&#8221;none&#8221; column_shadow=&#8221;none&#8221; column_border_radius=&#8221;none&#8221; column_link_target=&#8221;_self&#8221; column_position=&#8221;default&#8221; gradient_direction=&#8221;left_to_right&#8221; overlay_strength=&#8221;0.3&#8243; width=&#8221;1\/2&#8243; tablet_width_inherit=&#8221;default&#8221; animation_type=&#8221;default&#8221; enable_animation=&#8221;true&#8221; animation=&#8221;fade-in-from-left&#8221; animation_easing=&#8221;default&#8221; bg_image_animation=&#8221;none&#8221; border_type=&#8221;simple&#8221; column_border_width=&#8221;none&#8221; column_border_style=&#8221;solid&#8221; column_padding_type=&#8221;default&#8221; content_layout=&#8221;default&#8221; gradient_type=&#8221;default&#8221;][vc_row_inner column_margin=&#8221;30px&#8221; column_direction=&#8221;default&#8221; column_direction_tablet=&#8221;default&#8221; column_direction_phone=&#8221;default&#8221; text_align=&#8221;left&#8221; row_position=&#8221;default&#8221; row_position_tablet=&#8221;inherit&#8221; row_position_phone=&#8221;inherit&#8221; overflow=&#8221;visible&#8221; pointer_events=&#8221;all&#8221;][vc_column_inner column_padding=&#8221;no-extra-padding&#8221; column_padding_tablet=&#8221;inherit&#8221; column_padding_phone=&#8221;inherit&#8221; column_padding_position=&#8221;all&#8221; column_element_direction_desktop=&#8221;default&#8221; column_element_spacing=&#8221;default&#8221; desktop_text_alignment=&#8221;default&#8221; tablet_text_alignment=&#8221;default&#8221; phone_text_alignment=&#8221;default&#8221; background_color_opacity=&#8221;1&#8243; background_hover_color_opacity=&#8221;1&#8243; background_image=&#8221;1839&#8243; background_image_position=&#8221;center center&#8221; background_image_stacking=&#8221;default&#8221; enable_bg_scale=&#8221;true&#8221; background_image_loading=&#8221;default&#8221; column_backdrop_filter=&#8221;none&#8221; column_shadow=&#8221;none&#8221; column_border_radius=&#8221;5px&#8221; column_link_target=&#8221;_self&#8221; overflow=&#8221;visible&#8221; el_class=&#8221;pic&#8221; gradient_direction=&#8221;left_to_right&#8221; overlay_strength=&#8221;0.3&#8243; width=&#8221;1\/1&#8243; tablet_width_inherit=&#8221;default&#8221; animation_type=&#8221;default&#8221; bg_image_animation=&#8221;none&#8221; border_type=&#8221;simple&#8221; column_border_width=&#8221;none&#8221; column_border_style=&#8221;solid&#8221; column_padding_type=&#8221;default&#8221; content_layout=&#8221;default&#8221; gradient_type=&#8221;default&#8221;][divider line_type=&#8221;No Line&#8221; custom_height=&#8221;550px&#8221;][\/vc_column_inner][\/vc_row_inner][\/vc_column][vc_column column_padding=&#8221;padding-3-percent&#8221; column_padding_tablet=&#8221;inherit&#8221; column_padding_phone=&#8221;inherit&#8221; column_padding_position=&#8221;all&#8221; column_element_direction_desktop=&#8221;default&#8221; column_element_spacing=&#8221;default&#8221; desktop_text_alignment=&#8221;default&#8221; tablet_text_alignment=&#8221;default&#8221; phone_text_alignment=&#8221;default&#8221; background_color_opacity=&#8221;1&#8243; background_hover_color_opacity=&#8221;1&#8243; column_backdrop_filter=&#8221;none&#8221; column_shadow=&#8221;none&#8221; column_border_radius=&#8221;none&#8221; column_link_target=&#8221;_self&#8221; column_position=&#8221;default&#8221; gradient_direction=&#8221;left_to_right&#8221; overlay_strength=&#8221;0.3&#8243; width=&#8221;1\/2&#8243; tablet_width_inherit=&#8221;default&#8221; animation_type=&#8221;default&#8221; enable_animation=&#8221;true&#8221; animation=&#8221;fade-in-from-right&#8221; animation_easing=&#8221;default&#8221; bg_image_animation=&#8221;none&#8221; border_type=&#8221;simple&#8221; column_border_width=&#8221;none&#8221; column_border_style=&#8221;solid&#8221; column_padding_type=&#8221;default&#8221; content_layout=&#8221;default&#8221; gradient_type=&#8221;default&#8221;][vc_row_inner column_margin=&#8221;default&#8221; column_direction=&#8221;default&#8221; column_direction_tablet=&#8221;default&#8221; column_direction_phone=&#8221;default&#8221; text_align=&#8221;left&#8221; row_position=&#8221;default&#8221; row_position_tablet=&#8221;inherit&#8221; row_position_phone=&#8221;inherit&#8221; overflow=&#8221;visible&#8221; pointer_events=&#8221;all&#8221;][vc_column_inner column_padding=&#8221;no-extra-padding&#8221; column_padding_tablet=&#8221;inherit&#8221; column_padding_phone=&#8221;inherit&#8221; column_padding_position=&#8221;all&#8221; flex_gap_desktop=&#8221;10px&#8221; column_element_direction_desktop=&#8221;default&#8221; column_element_spacing=&#8221;default&#8221; desktop_text_alignment=&#8221;default&#8221; tablet_text_alignment=&#8221;default&#8221; phone_text_alignment=&#8221;default&#8221; background_color_opacity=&#8221;1&#8243; background_hover_color_opacity=&#8221;1&#8243; column_backdrop_filter=&#8221;none&#8221; column_shadow=&#8221;none&#8221; column_border_radius=&#8221;none&#8221; column_link_target=&#8221;_self&#8221; overflow=&#8221;visible&#8221; gradient_direction=&#8221;left_to_right&#8221; overlay_strength=&#8221;0.3&#8243; width=&#8221;1\/1&#8243; tablet_width_inherit=&#8221;default&#8221; animation_type=&#8221;default&#8221; bg_image_animation=&#8221;none&#8221; border_type=&#8221;simple&#8221; column_border_width=&#8221;none&#8221; column_border_style=&#8221;solid&#8221;][nectar_responsive_text inherited_font_style=&#8221;default&#8221; text_color=&#8221;#8BAEA1&#8243; text_direction=&#8221;default&#8221;]\n<h1>Songs to Spare<\/h1>\n[\/nectar_responsive_text][divider line_type=&#8221;No Line&#8221; custom_height=&#8221;15&#8243;][nectar_responsive_text inherited_font_style=&#8221;default&#8221; text_direction=&#8221;default&#8221; font_size_desktop=&#8221;28px&#8221; font_line_height=&#8221;35px&#8221;]\n<p style=\"font-family: Playfair Display;\"><em>Performance of hit Spanish pop-rock songs, with the possibility of focusing on specific artists such as Sabina, Fito, Jarabe de Palo, Serrat&#8230;<\/em><\/p>\n[\/nectar_responsive_text][nectar_responsive_text inherited_font_style=&#8221;default&#8221; text_direction=&#8221;default&#8221; font_size_desktop=&#8221;18px&#8221;]Curro Gonz\u00e1lez, vocals and guitar.[\/nectar_responsive_text][nectar_cta btn_style=&#8221;basic&#8221; heading_tag=&#8221;span&#8221; link_type=&#8221;regular&#8221; button_color=&#8221;extra-color-2&#8243; button_color_hover=&#8221;#8BAEA1&#8243; text_color=&#8221;#000000&#8243; text_color_hover=&#8221;#FFFFFF&#8221; button_border_thickness=&#8221;0px&#8221; alignment=&#8221;left&#8221; alignment_tablet=&#8221;default&#8221; alignment_phone=&#8221;default&#8221; constrain_group_3=&#8221;yes&#8221; constrain_group_4=&#8221;yes&#8221; display=&#8221;block&#8221; display_tablet=&#8221;inherit&#8221; display_phone=&#8221;inherit&#8221; icon_family=&#8221;none&#8221; link_text=&#8221;CONTACT&#8221; margin_top=&#8221;35&#8243; padding_top=&#8221;15&#8243; padding_bottom=&#8221;15&#8243; padding_left=&#8221;35&#8243; padding_right=&#8221;35&#8243; url=&#8221;https:\/\/paucardonacello.com\/en\/contact&#8221;][\/vc_column_inner][\/vc_row_inner][\/vc_column][\/vc_row]\n","protected":false},"excerpt":{"rendered":"<p>[vc_row type=&#8221;in_container&#8221; full_screen_row_position=&#8221;middle&#8221; column_margin=&#8221;50px&#8221; equal_height=&#8221;yes&#8221; content_placement=&#8221;top&#8221; column_direction=&#8221;default&#8221; column_direction_tablet=&#8221;column_reverse&#8221; column_direction_phone=&#8221;column_reverse&#8221; bg_color=&#8221;#FFFFFF&#8221; scene_position=&#8221;center&#8221; top_padding=&#8221;1%&#8221; bottom_padding=&#8221;3%&#8221; constrain_group_2=&#8221;yes&#8221; left_padding_tablet=&#8221;7%&#8221; constrain_group_4=&#8221;yes&#8221; right_padding_tablet=&#8221;7%&#8221; left_padding_phone=&#8221;5%&#8221;&#8230;<\/p>\n","protected":false},"author":0,"featured_media":0,"parent":0,"menu_order":0,"comment_status":"closed","ping_status":"closed","template":"","meta":{"footnotes":""},"class_list":["post-2078","page","type-page","status-publish"],"yoast_head":"<!-- This site is optimized with the Yoast SEO Premium plugin v23.8 (Yoast SEO v27.3) - https:\/\/yoast.com\/product\/yoast-seo-premium-wordpress\/ -->\n<title>Songs to Spare - Pau Cardona Cello<\/title>\n<meta name=\"robots\" content=\"index, follow, max-snippet:-1, max-image-preview:large, max-video-preview:-1\" \/>\n<link rel=\"canonical\" href=\"https:\/\/paucardonacello.com\/nos-sobran-las-canciones\" \/>\n<meta property=\"og:locale\" content=\"en_US\" \/>\n<meta property=\"og:type\" content=\"article\" \/>\n<meta property=\"og:title\" content=\"Songs to Spare\" \/>\n<meta property=\"og:description\" content=\"[vc_row type=&#8221;in_container&#8221; full_screen_row_position=&#8221;middle&#8221; column_margin=&#8221;50px&#8221; equal_height=&#8221;yes&#8221; content_placement=&#8221;top&#8221; column_direction=&#8221;default&#8221; column_direction_tablet=&#8221;column_reverse&#8221; column_direction_phone=&#8221;column_reverse&#8221; bg_color=&#8221;#FFFFFF&#8221; scene_position=&#8221;center&#8221; top_padding=&#8221;1%&#8221; bottom_padding=&#8221;3%&#8221; constrain_group_2=&#8221;yes&#8221; left_padding_tablet=&#8221;7%&#8221; constrain_group_4=&#8221;yes&#8221; right_padding_tablet=&#8221;7%&#8221; left_padding_phone=&#8221;5%&#8221;...\" \/>\n<meta property=\"og:url\" content=\"https:\/\/paucardonacello.com\/nos-sobran-las-canciones\" \/>\n<meta property=\"og:site_name\" content=\"Pau Cardona Cello\" \/>\n<meta property=\"article:publisher\" content=\"https:\/\/www.facebook.com\/profile.php?id=100054468550981\" \/>\n<meta name=\"twitter:card\" content=\"summary_large_image\" \/>\n<meta name=\"twitter:label1\" content=\"Est. reading time\" \/>\n\t<meta name=\"twitter:data1\" content=\"4 minutes\" \/>\n<script type=\"application\/ld+json\" class=\"yoast-schema-graph\">{\"@context\":\"https:\\\/\\\/schema.org\",\"@graph\":[{\"@type\":\"WebPage\",\"@id\":\"https:\\\/\\\/paucardonacello.com\\\/nos-sobran-las-canciones\",\"url\":\"https:\\\/\\\/paucardonacello.com\\\/nos-sobran-las-canciones\",\"name\":\"Songs to Spare - Pau Cardona Cello\",\"isPartOf\":{\"@id\":\"https:\\\/\\\/tan-marten-571956.hostingersite.com\\\/#website\"},\"datePublished\":\"2026-04-01T18:20:58+00:00\",\"breadcrumb\":{\"@id\":\"https:\\\/\\\/paucardonacello.com\\\/nos-sobran-las-canciones#breadcrumb\"},\"inLanguage\":\"en-US\",\"potentialAction\":[{\"@type\":\"ReadAction\",\"target\":[\"https:\\\/\\\/paucardonacello.com\\\/nos-sobran-las-canciones\"]}]},{\"@type\":\"BreadcrumbList\",\"@id\":\"https:\\\/\\\/paucardonacello.com\\\/nos-sobran-las-canciones#breadcrumb\",\"itemListElement\":[{\"@type\":\"ListItem\",\"position\":1,\"name\":\"Portada\",\"item\":\"https:\\\/\\\/paucardonacello.com\\\/en\"},{\"@type\":\"ListItem\",\"position\":2,\"name\":\"Songs to Spare\"}]},{\"@type\":\"WebSite\",\"@id\":\"https:\\\/\\\/tan-marten-571956.hostingersite.com\\\/#website\",\"url\":\"https:\\\/\\\/tan-marten-571956.hostingersite.com\\\/\",\"name\":\"Brichs Events\",\"description\":\"Bodas en Menorca\",\"publisher\":{\"@id\":\"https:\\\/\\\/tan-marten-571956.hostingersite.com\\\/#organization\"},\"alternateName\":\"Wedding Planner Menorca\",\"potentialAction\":[{\"@type\":\"SearchAction\",\"target\":{\"@type\":\"EntryPoint\",\"urlTemplate\":\"https:\\\/\\\/tan-marten-571956.hostingersite.com\\\/?s={search_term_string}\"},\"query-input\":{\"@type\":\"PropertyValueSpecification\",\"valueRequired\":true,\"valueName\":\"search_term_string\"}}],\"inLanguage\":\"en-US\"},{\"@type\":\"Organization\",\"@id\":\"https:\\\/\\\/tan-marten-571956.hostingersite.com\\\/#organization\",\"name\":\"Brichs Events\",\"alternateName\":\"Bodas Menorca\",\"url\":\"https:\\\/\\\/tan-marten-571956.hostingersite.com\\\/\",\"logo\":{\"@type\":\"ImageObject\",\"inLanguage\":\"en-US\",\"@id\":\"https:\\\/\\\/tan-marten-571956.hostingersite.com\\\/#\\\/schema\\\/logo\\\/image\\\/\",\"url\":\"https:\\\/\\\/paucardonacello.com\\\/wp-content\\\/uploads\\\/2024\\\/11\\\/favicon.png\",\"contentUrl\":\"https:\\\/\\\/paucardonacello.com\\\/wp-content\\\/uploads\\\/2024\\\/11\\\/favicon.png\",\"width\":600,\"height\":600,\"caption\":\"Brichs Events\"},\"image\":{\"@id\":\"https:\\\/\\\/tan-marten-571956.hostingersite.com\\\/#\\\/schema\\\/logo\\\/image\\\/\"},\"sameAs\":[\"https:\\\/\\\/www.facebook.com\\\/profile.php?id=100054468550981\",\"https:\\\/\\\/www.instagram.com\\\/brichsevents\\\/?hl=es\"],\"description\":\"Somos una empresa de dise\u00f1o, producci\u00f3n y planificaci\u00f3n de eventos en Menorca y estamos especializados en bodas.\",\"email\":\"brichsevents@gmail.com\",\"telephone\":\"+34 664 05 16 28\",\"legalName\":\"Brichs Events\"}]}<\/script>\n<!-- \/ Yoast SEO Premium plugin. -->","yoast_head_json":{"title":"Songs to Spare - Pau Cardona Cello","robots":{"index":"index","follow":"follow","max-snippet":"max-snippet:-1","max-image-preview":"max-image-preview:large","max-video-preview":"max-video-preview:-1"},"canonical":"https:\/\/paucardonacello.com\/nos-sobran-las-canciones","og_locale":"en_US","og_type":"article","og_title":"Songs to Spare","og_description":"[vc_row type=&#8221;in_container&#8221; full_screen_row_position=&#8221;middle&#8221; column_margin=&#8221;50px&#8221; equal_height=&#8221;yes&#8221; content_placement=&#8221;top&#8221; column_direction=&#8221;default&#8221; column_direction_tablet=&#8221;column_reverse&#8221; column_direction_phone=&#8221;column_reverse&#8221; bg_color=&#8221;#FFFFFF&#8221; scene_position=&#8221;center&#8221; top_padding=&#8221;1%&#8221; bottom_padding=&#8221;3%&#8221; constrain_group_2=&#8221;yes&#8221; left_padding_tablet=&#8221;7%&#8221; constrain_group_4=&#8221;yes&#8221; right_padding_tablet=&#8221;7%&#8221; left_padding_phone=&#8221;5%&#8221;...","og_url":"https:\/\/paucardonacello.com\/nos-sobran-las-canciones","og_site_name":"Pau Cardona Cello","article_publisher":"https:\/\/www.facebook.com\/profile.php?id=100054468550981","twitter_card":"summary_large_image","twitter_misc":{"Est. reading time":"4 minutes"},"schema":{"@context":"https:\/\/schema.org","@graph":[{"@type":"WebPage","@id":"https:\/\/paucardonacello.com\/nos-sobran-las-canciones","url":"https:\/\/paucardonacello.com\/nos-sobran-las-canciones","name":"Songs to Spare - Pau Cardona Cello","isPartOf":{"@id":"https:\/\/tan-marten-571956.hostingersite.com\/#website"},"datePublished":"2026-04-01T18:20:58+00:00","breadcrumb":{"@id":"https:\/\/paucardonacello.com\/nos-sobran-las-canciones#breadcrumb"},"inLanguage":"en-US","potentialAction":[{"@type":"ReadAction","target":["https:\/\/paucardonacello.com\/nos-sobran-las-canciones"]}]},{"@type":"BreadcrumbList","@id":"https:\/\/paucardonacello.com\/nos-sobran-las-canciones#breadcrumb","itemListElement":[{"@type":"ListItem","position":1,"name":"Portada","item":"https:\/\/paucardonacello.com\/en"},{"@type":"ListItem","position":2,"name":"Songs to Spare"}]},{"@type":"WebSite","@id":"https:\/\/tan-marten-571956.hostingersite.com\/#website","url":"https:\/\/tan-marten-571956.hostingersite.com\/","name":"Brichs Events","description":"Bodas en Menorca","publisher":{"@id":"https:\/\/tan-marten-571956.hostingersite.com\/#organization"},"alternateName":"Wedding Planner Menorca","potentialAction":[{"@type":"SearchAction","target":{"@type":"EntryPoint","urlTemplate":"https:\/\/tan-marten-571956.hostingersite.com\/?s={search_term_string}"},"query-input":{"@type":"PropertyValueSpecification","valueRequired":true,"valueName":"search_term_string"}}],"inLanguage":"en-US"},{"@type":"Organization","@id":"https:\/\/tan-marten-571956.hostingersite.com\/#organization","name":"Brichs Events","alternateName":"Bodas Menorca","url":"https:\/\/tan-marten-571956.hostingersite.com\/","logo":{"@type":"ImageObject","inLanguage":"en-US","@id":"https:\/\/tan-marten-571956.hostingersite.com\/#\/schema\/logo\/image\/","url":"https:\/\/paucardonacello.com\/wp-content\/uploads\/2024\/11\/favicon.png","contentUrl":"https:\/\/paucardonacello.com\/wp-content\/uploads\/2024\/11\/favicon.png","width":600,"height":600,"caption":"Brichs Events"},"image":{"@id":"https:\/\/tan-marten-571956.hostingersite.com\/#\/schema\/logo\/image\/"},"sameAs":["https:\/\/www.facebook.com\/profile.php?id=100054468550981","https:\/\/www.instagram.com\/brichsevents\/?hl=es"],"description":"Somos una empresa de dise\u00f1o, producci\u00f3n y planificaci\u00f3n de eventos en Menorca y estamos especializados en bodas.","email":"brichsevents@gmail.com","telephone":"+34 664 05 16 28","legalName":"Brichs Events"}]}},"_links":{"self":[{"href":"https:\/\/paucardonacello.com\/en\/wp-json\/wp\/v2\/pages\/2078","targetHints":{"allow":["GET"]}}],"collection":[{"href":"https:\/\/paucardonacello.com\/en\/wp-json\/wp\/v2\/pages"}],"about":[{"href":"https:\/\/paucardonacello.com\/en\/wp-json\/wp\/v2\/types\/page"}],"replies":[{"embeddable":true,"href":"https:\/\/paucardonacello.com\/en\/wp-json\/wp\/v2\/comments?post=2078"}],"version-history":[{"count":0,"href":"https:\/\/paucardonacello.com\/en\/wp-json\/wp\/v2\/pages\/2078\/revisions"}],"wp:attachment":[{"href":"https:\/\/paucardonacello.com\/en\/wp-json\/wp\/v2\/media?parent=2078"}],"curies":[{"name":"wp","href":"https:\/\/api.w.org\/{rel}","templated":true}]}}